{"id":3,"date":"2025-04-02T07:02:48","date_gmt":"2025-04-02T07:02:48","guid":{"rendered":"http:\/\/taupay.eu\/?page_id=3"},"modified":"2025-04-28T09:50:24","modified_gmt":"2025-04-28T09:50:24","slug":"privacy-policy","status":"publish","type":"page","link":"https:\/\/taupay.eu\/lt\/privacy-policy\/","title":{"rendered":"Privatumo Politika"},"content":{"rendered":"<div data-elementor-type=\"wp-page\" data-elementor-id=\"3\" class=\"elementor elementor-3\" data-elementor-settings=\"{&quot;element_pack_global_tooltip_width&quot;:{&quot;unit&quot;:&quot;px&quot;,&quot;size&quot;:&quot;&quot;,&quot;sizes&quot;:[]},&quot;element_pack_global_tooltip_width_tablet&quot;:{&quot;unit&quot;:&quot;px&quot;,&quot;size&quot;:&quot;&quot;,&quot;sizes&quot;:[]},&quot;element_pack_global_tooltip_width_mobile&quot;:{&quot;unit&quot;:&quot;px&quot;,&quot;size&quot;:&quot;&quot;,&quot;sizes&quot;:[]},&quot;element_pack_global_tooltip_padding&quot;:{&quot;unit&quot;:&quot;px&quot;,&quot;top&quot;:&quot;&quot;,&quot;right&quot;:&quot;&quot;,&quot;bottom&quot;:&quot;&quot;,&quot;left&quot;:&quot;&quot;,&quot;isLinked&quot;:true},&quot;element_pack_global_tooltip_padding_tablet&quot;:{&quot;unit&quot;:&quot;px&quot;,&quot;top&quot;:&quot;&quot;,&quot;right&quot;:&quot;&quot;,&quot;bottom&quot;:&quot;&quot;,&quot;left&quot;:&quot;&quot;,&quot;isLinked&quot;:true},&quot;element_pack_global_tooltip_padding_mobile&quot;:{&quot;unit&quot;:&quot;px&quot;,&quot;top&quot;:&quot;&quot;,&quot;right&quot;:&quot;&quot;,&quot;bottom&quot;:&quot;&quot;,&quot;left&quot;:&quot;&quot;,&quot;isLinked&quot;:true},&quot;element_pack_global_tooltip_border_radius&quot;:{&quot;unit&quot;:&quot;px&quot;,&quot;top&quot;:&quot;&quot;,&quot;right&quot;:&quot;&quot;,&quot;bottom&quot;:&quot;&quot;,&quot;left&quot;:&quot;&quot;,&quot;isLinked&quot;:true},&quot;element_pack_global_tooltip_border_radius_tablet&quot;:{&quot;unit&quot;:&quot;px&quot;,&quot;top&quot;:&quot;&quot;,&quot;right&quot;:&quot;&quot;,&quot;bottom&quot;:&quot;&quot;,&quot;left&quot;:&quot;&quot;,&quot;isLinked&quot;:true},&quot;element_pack_global_tooltip_border_radius_mobile&quot;:{&quot;unit&quot;:&quot;px&quot;,&quot;top&quot;:&quot;&quot;,&quot;right&quot;:&quot;&quot;,&quot;bottom&quot;:&quot;&quot;,&quot;left&quot;:&quot;&quot;,&quot;isLinked&quot;:true}}\">\n\t\t\t\t<div class=\"elementor-element elementor-element-e729d55 e-flex e-con-boxed e-con e-parent\" data-id=\"e729d55\" data-element_type=\"container\">\n\t\t\t\t\t<div class=\"e-con-inner\">\n\t\t\t\t<div class=\"elementor-element elementor-element-6f01962e policies elementor-widget elementor-widget-text-editor\" data-id=\"6f01962e\" data-element_type=\"widget\" data-widget_type=\"text-editor.default\">\n\t\t\t\t<div class=\"elementor-widget-container\">\n\t\t\t\t\t\t\t\t\t\n<p class=\"\" data-start=\"351\" data-end=\"389\"><strong data-start=\"351\" data-end=\"370\">\u012esigaliojimo data:<\/strong> 2025-04-11<\/p>\n<p class=\"\" data-start=\"391\" data-end=\"644\">Taupai, UAB (\u201emes\u201c, \u201em\u016bs\u0173\u201c arba \u201emes\u201c) gerbia j\u016bs\u0173 privatum\u0105 ir yra \u012fsipareigojusi saugoti j\u016bs\u0173 asmens duomenis. \u0160ioje privatumo politikoje paai\u0161kinama, kaip renkame, naudojame ir saugome j\u016bs\u0173 informacij\u0105, kai lankot\u0117s m\u016bs\u0173 svetain\u0117je <a class=\"\" href=\"https:\/\/taupay.eu\/lt\/\" target=\"_new\" rel=\"noopener\" data-start=\"605\" data-end=\"643\">https:\/\/taupay.eu<\/a>.<\/p>\n<hr class=\"\" data-start=\"646\" data-end=\"649\" \/>\n<h3 class=\"wp-block-heading\" data-start=\"651\" data-end=\"668\">1. Kas mes esame<\/h3>\n<p class=\"\" data-start=\"670\" data-end=\"828\"><strong data-start=\"670\" data-end=\"687\">\u012emon\u0117s pavadinimas:<\/strong> Taupai, UAB<br data-start=\"699\" data-end=\"702\" \/><strong data-start=\"702\" data-end=\"722\">\u012emon\u0117s adresas:<\/strong> Giruli\u0173 g. 10, LT-12112 Vilnius, Lietuva<\/p>\n<hr class=\"\" data-start=\"830\" data-end=\"833\" \/>\n<h3 class=\"\" data-start=\"835\" data-end=\"862\">2. Kokius duomenis renkame<\/h3>\n<p class=\"\" data-start=\"864\" data-end=\"928\">Mes galime rinkti ir tvarkyti \u0161i\u0173 tip\u0173 asmens duomenis:<\/p>\n<ul data-start=\"930\" data-end=\"1261\">\n<li class=\"\" data-start=\"930\" data-end=\"1037\">\n<p class=\"\" data-start=\"932\" data-end=\"1037\"><strong data-start=\"932\" data-end=\"955\">Kontaktin\u0117 informacija<\/strong> \u2013 vardas, pavard\u0117, el. pa\u0161to adresas ir \u017einut\u0117 (jei pateikiate per m\u016bs\u0173 kontaktin\u0119 form\u0105).<\/p>\n<\/li>\n<li class=\"\" data-start=\"1038\" data-end=\"1261\">\n<p class=\"\" data-start=\"1040\" data-end=\"1261\"><strong data-start=\"1040\" data-end=\"1054\">Naudojimo duomenys<\/strong> \u2013 \u012fskaitant j\u016bs\u0173 IP adres\u0105, nar\u0161ykl\u0117s tip\u0105, \u012frenginio informacij\u0105, aplankytus puslapius, seanso trukm\u0119 ir paspaudim\u0173 elges\u012f. Tai renkama naudojant analiz\u0117s \u012frankius, pvz <strong data-start=\"1214\" data-end=\"1234\">Google Analytics<\/strong> ir <strong data-start=\"1239\" data-end=\"1260\">Microsoft Clarity<\/strong>.<\/p>\n<\/li>\n<\/ul>\n<hr class=\"\" data-start=\"1263\" data-end=\"1266\" \/>\n<h3 class=\"\" data-start=\"1268\" data-end=\"1299\">3. Kaip mes renkame j\u016bs\u0173 duomenis<\/h3>\n<p class=\"\" data-start=\"1301\" data-end=\"1329\">Duomenis renkame dviem b\u016bdais:<\/p>\n<ul data-start=\"1331\" data-end=\"1513\">\n<li class=\"\" data-start=\"1331\" data-end=\"1396\">\n<p class=\"\" data-start=\"1333\" data-end=\"1396\"><strong data-start=\"1333\" data-end=\"1345\">Tiesiogiai<\/strong> \u2013 kai u\u017epildote ir pateikiate kontaktin\u0119 form\u0105.<\/p>\n<\/li>\n<li class=\"\" data-start=\"1397\" data-end=\"1513\">\n<p class=\"\" data-start=\"1399\" data-end=\"1513\"><strong data-start=\"1399\" data-end=\"1416\">Automati\u0161kai<\/strong> \u2013 per slapukus ir tre\u010di\u0173j\u0173 \u0161ali\u0173 steb\u0117jimo paslaugas (pvz., Google Analytics, Microsoft Clarity).<\/p>\n<\/li>\n<\/ul>\n<hr class=\"\" data-start=\"1515\" data-end=\"1518\" \/>\n<h3 class=\"\" data-start=\"1520\" data-end=\"1547\">4. Kaip naudojame j\u016bs\u0173 duomenis<\/h3>\n<p class=\"\" data-start=\"1549\" data-end=\"1569\">J\u016bs\u0173 duomenis naudojame siekdami:<\/p>\n<ul data-start=\"1571\" data-end=\"1804\">\n<li class=\"\" data-start=\"1571\" data-end=\"1599\">\n<p class=\"\" data-start=\"1573\" data-end=\"1599\">Atsakykite \u012f j\u016bs\u0173 u\u017eklausas.<\/p>\n<\/li>\n<li class=\"\" data-start=\"1600\" data-end=\"1650\">\n<p class=\"\" data-start=\"1602\" data-end=\"1650\">Pagerinkite svetain\u0117s na\u0161um\u0105 ir vartotojo patirt\u012f.<\/p>\n<\/li>\n<li class=\"\" data-start=\"1651\" data-end=\"1731\">\n<p class=\"\" data-start=\"1653\" data-end=\"1731\">Steb\u0117kite ir analizuokite vartotoj\u0173 elges\u012f, kad pagerintum\u0117te svetain\u0117s dizain\u0105 ir funkcionalum\u0105.<\/p>\n<\/li>\n<li class=\"\" data-start=\"1732\" data-end=\"1804\">\n<p class=\"\" data-start=\"1734\" data-end=\"1804\">Gaukite \u012f\u017evalg\u0173 apie svetain\u0117s srauto modelius ir techninius rezultatus.<\/p>\n<\/li>\n<\/ul>\n<hr class=\"\" data-start=\"1806\" data-end=\"1809\" \/>\n<h3 class=\"\" data-start=\"1811\" data-end=\"1844\">5. Teisinis tvarkymo pagrindas<\/h3>\n<p class=\"\" data-start=\"1846\" data-end=\"1880\">Asmens duomenis tvarkome remdamiesi:<\/p>\n<ul data-start=\"1882\" data-end=\"2044\">\n<li class=\"\" data-start=\"1882\" data-end=\"1963\">\n<p class=\"\" data-start=\"1884\" data-end=\"1963\"><strong data-start=\"1884\" data-end=\"1900\">J\u016bs\u0173 sutikimas<\/strong> (pvz., pateikiant kontaktin\u0119 form\u0105 arba priimant slapukus).<\/p>\n<\/li>\n<li class=\"\" data-start=\"1964\" data-end=\"2044\">\n<p class=\"\" data-start=\"1966\" data-end=\"2044\"><strong data-start=\"1966\" data-end=\"1990\">Teis\u0117ti interesai<\/strong> \u2013 interneto svetain\u0117s naudojimo analizei ir paslaug\u0173 tobulinimui.<\/p>\n<\/li>\n<\/ul>\n<hr class=\"\" data-start=\"2046\" data-end=\"2049\" \/>\n<h3 class=\"\" data-start=\"2051\" data-end=\"2091\">6. Slapukai ir sekimo technologijos<\/h3>\n<p class=\"\" data-start=\"2093\" data-end=\"2228\">Duomenims rinkti ir j\u016bs\u0173 patir\u010diai pagerinti naudojame slapukus ir pana\u0161ias technologijas. Slapukus galite i\u0161jungti per savo nar\u0161ykl\u0117s nustatymus.<\/p>\n<p class=\"\" data-start=\"2230\" data-end=\"2313\"><strong data-start=\"2230\" data-end=\"2250\">Google Analytics<\/strong> ir <strong data-start=\"2255\" data-end=\"2276\">Microsoft Clarity<\/strong> gali rinkti anoniminius duomenis, tokius kaip:<\/p>\n<ul data-start=\"2315\" data-end=\"2487\">\n<li class=\"\" data-start=\"2315\" data-end=\"2349\">\n<p class=\"\" data-start=\"2317\" data-end=\"2349\">Informacija apie \u012frengin\u012f ir nar\u0161ykl\u0119<\/p>\n<\/li>\n<li class=\"\" data-start=\"2350\" data-end=\"2400\">\n<p class=\"\" data-start=\"2352\" data-end=\"2400\">Seanso elgsena (paspaudimai, slinkimai, nar\u0161ymas)<\/p>\n<\/li>\n<li class=\"\" data-start=\"2401\" data-end=\"2487\">\n<p class=\"\" data-start=\"2403\" data-end=\"2487\">\u0160ilumos \u017eem\u0117lapiai ir \u012fra\u0161ai (tik ai\u0161kumas \u2013 nerenkami asmeniniai ar neskelbtini duomenys)<\/p>\n<\/li>\n<\/ul>\n<p class=\"\" data-start=\"2489\" data-end=\"2556\">\u0160ie \u012frankiai padeda mums suprasti, kaip vartotojai s\u0105veikauja su m\u016bs\u0173 svetaine.<\/p>\n<p class=\"\" data-start=\"2558\" data-end=\"2579\">Daugiau informacijos:<\/p>\n<ul data-start=\"2581\" data-end=\"2832\">\n<li class=\"\" data-start=\"2581\" data-end=\"2684\">\n<p class=\"\" data-start=\"2583\" data-end=\"2684\">\u201eGoogle\u201c privatumo politika: <a target=\"_new\" rel=\"noopener\" data-start=\"2608\" data-end=\"2682\">https:\/\/policies.google.com\/privacy<\/a><\/p>\n<\/li>\n<li class=\"\" data-start=\"2685\" data-end=\"2832\">\n<p class=\"\" data-start=\"2687\" data-end=\"2832\">\u201eMicrosoft Clarity\u201c privatumo parei\u0161kimas: <a class=\"\" href=\"https:\/\/privacy.microsoft.com\/en-us\/privacystatement\" target=\"_new\" rel=\"noopener\" data-start=\"2724\" data-end=\"2832\">https:\/\/privacy.microsoft.com\/en-us\/privacystatement<\/a><\/p>\n<\/li>\n<\/ul>\n<hr class=\"\" data-start=\"2834\" data-end=\"2837\" \/>\n<h3 class=\"\" data-start=\"2839\" data-end=\"2859\">7. Data security<\/h3>\n<p class=\"\" data-start=\"2861\" data-end=\"2969\">Mes imam\u0117s atitinkam\u0173 saugumo priemoni\u0173, kad i\u0161vengtume neteis\u0117tos prieigos, praradimo ar netinkamo j\u016bs\u0173 asmens duomen\u0173 naudojimo.<\/p>\n<hr class=\"\" data-start=\"2971\" data-end=\"2974\" \/>\n<h3 class=\"\" data-start=\"2976\" data-end=\"2995\">8. Dalijimasis duomenimis<\/h3>\n<p class=\"\" data-start=\"2997\" data-end=\"3196\">Mes <strong data-start=\"3003\" data-end=\"3010\">not<\/strong> parduoti, prekiauti ar i\u0161nuomoti savo asmens duomenis. Duomenys gali b\u016bti bendrinami su analiz\u0117s teik\u0117jais, pvz., \u201eGoogle\u201c ir \u201eMicrosoft\u201c, pagal j\u0173 privatumo politik\u0105. Taip pat galime dalytis duomenimis, kai to reikalauja \u012fstatymai.<\/p>\n<hr class=\"\" data-start=\"3198\" data-end=\"3201\" \/>\n<h3 class=\"\" data-start=\"3203\" data-end=\"3232\">9. J\u016bs\u0173 teis\u0117s pagal BDAR<\/h3>\n<p class=\"\" data-start=\"3234\" data-end=\"3277\">Kaip ES \u012fsisteig\u0119s naudotojas turite teis\u0119:<\/p>\n<ul data-start=\"3279\" data-end=\"3469\">\n<li class=\"\" data-start=\"3279\" data-end=\"3308\">\n<p class=\"\" data-start=\"3281\" data-end=\"3308\">Prieiga prie savo asmenini\u0173 duomen\u0173<\/p>\n<\/li>\n<li class=\"\" data-start=\"3309\" data-end=\"3340\">\n<p class=\"\" data-start=\"3311\" data-end=\"3340\">I\u0161taisyti arba i\u0161trinti savo duomenis<\/p>\n<\/li>\n<li class=\"\" data-start=\"3341\" data-end=\"3382\">\n<p class=\"\" data-start=\"3343\" data-end=\"3382\">Apriboti arba prie\u0161tarauti duomen\u0173 tvarkymui<\/p>\n<\/li>\n<li class=\"\" data-start=\"3383\" data-end=\"3415\">\n<p class=\"\" data-start=\"3385\" data-end=\"3415\">Bet kada at\u0161aukti sutikim\u0105<\/p>\n<\/li>\n<li class=\"\" data-start=\"3416\" data-end=\"3469\">\n<p class=\"\" data-start=\"3418\" data-end=\"3469\">Pateikti skund\u0105 Duomen\u0173 apsaugos institucijai<\/p>\n<\/li>\n<\/ul>\n<p class=\"\" data-start=\"3471\" data-end=\"3530\">To exercise these rights, contact us<\/p>\n<hr class=\"\" data-start=\"3532\" data-end=\"3535\" \/>\n<h3 class=\"\" data-start=\"3537\" data-end=\"3559\">10. Duomen\u0173 saugojimas<\/h3>\n<p class=\"\" data-start=\"3561\" data-end=\"3697\">J\u016bs\u0173 duomenis saugome tik tiek, kiek reikia \u0161ioje politikoje nurodytiems tikslams \u012fgyvendinti, nebent \u012fstatymai reikalauja j\u0173 saugoti ilgiau.<\/p>\n<hr class=\"\" data-start=\"3699\" data-end=\"3702\" \/>\n<h3 class=\"\" data-start=\"3704\" data-end=\"3734\">11. \u0160ios politikos pakeitimai<\/h3>\n<p class=\"\" data-start=\"3736\" data-end=\"3859\">Retkar\u010diais galime atnaujinti \u0161i\u0105 privatumo politik\u0105. Visi atnaujinimai bus paskelbti \u0161iame puslapyje su patikslinta \u012fsigaliojimo data.<\/p>\n<hr class=\"\" data-start=\"3861\" data-end=\"3864\" \/>\n<h3 class=\"\" data-start=\"3866\" data-end=\"3881\">12. Susisiekite<\/h3>\n<p class=\"\" data-start=\"3883\" data-end=\"3989\">Jei turite klausim\u0173 ar r\u016bpes\u010di\u0173 d\u0117l \u0161ios privatumo politikos arba j\u016bs\u0173 duomen\u0173 tvarkymo, susisiekite su mumis:<\/p>\n<p class=\"\" data-start=\"3991\" data-end=\"4074\"><strong data-start=\"3991\" data-end=\"4001\">El. pa\u0161tas\u00a0<a href=\"mailto:%69%6Ef%6F@taup%61%79%2Ee%75\">info@taupay.eu<\/a><\/strong><br data-start=\"4016\" data-end=\"4019\" \/><strong data-start=\"4019\" data-end=\"4031\">Adresas:<\/strong> Gyneju str. 14, Vilnius, LT-01109 Vilnius, Lithuania<\/p>\t\t\t\t\t\t\t\t<\/div>\n\t\t\t\t<\/div>\n\t\t\t\t\t<\/div>\n\t\t\t\t<\/div>\n\t\t\t\t<\/div>","protected":false},"excerpt":{"rendered":"<p>Effective date: 2025-04-11 Taupai, UAB (&#8220;we&#8221;, &#8220;our&#8221;, or &#8220;us&#8221;) respects your privacy and is committed to protecting your personal data. This Privacy [&hellip;]<\/p>","protected":false},"author":1,"featured_media":0,"parent":0,"menu_order":0,"comment_status":"closed","ping_status":"closed","template":"","meta":{"footnotes":""},"class_list":["post-3","page","type-page","status-publish","hentry"],"_links":{"self":[{"href":"https:\/\/taupay.eu\/lt\/wp-json\/wp\/v2\/pages\/3","targetHints":{"allow":["GET"]}}],"collection":[{"href":"https:\/\/taupay.eu\/lt\/wp-json\/wp\/v2\/pages"}],"about":[{"href":"https:\/\/taupay.eu\/lt\/wp-json\/wp\/v2\/types\/page"}],"author":[{"embeddable":true,"href":"https:\/\/taupay.eu\/lt\/wp-json\/wp\/v2\/users\/1"}],"replies":[{"embeddable":true,"href":"https:\/\/taupay.eu\/lt\/wp-json\/wp\/v2\/comments?post=3"}],"version-history":[{"count":12,"href":"https:\/\/taupay.eu\/lt\/wp-json\/wp\/v2\/pages\/3\/revisions"}],"predecessor-version":[{"id":1491,"href":"https:\/\/taupay.eu\/lt\/wp-json\/wp\/v2\/pages\/3\/revisions\/1491"}],"wp:attachment":[{"href":"https:\/\/taupay.eu\/lt\/wp-json\/wp\/v2\/media?parent=3"}],"curies":[{"name":"wp","href":"https:\/\/api.w.org\/{rel}","templated":true}]}}